{"id":2,"date":"2022-12-15T09:52:04","date_gmt":"2022-12-15T08:52:04","guid":{"rendered":"https:\/\/anantara.at\/?page_id=2"},"modified":"2026-03-11T14:33:30","modified_gmt":"2026-03-11T13:33:30","slug":"startseite","status":"publish","type":"page","link":"https:\/\/anantara.at\/de\/","title":{"rendered":"Startseite"},"content":{"rendered":"[vc_row full_width=&#8220;stretch_row&#8220; full_height=&#8220;yes&#8220; el_class=&#8220;section bg-black light&#8220; el_id=&#8220;hero&#8220;][vc_column]<div class=\"heading-wrapper  wpb_animate_when_almost_visible wpb_fadeIn fadeIn\"><p class=\"eyebrow\">01 Willkommen<\/p><h1>Digital, mutig, <br>zukunftsweisend -<\/h1><\/div>[vc_column_text css_animation=&#8220;fadeIn&#8220; el_class=&#8220;p-large&#8220;]Willkommen bei <img decoding=\"async\" class=\"inline-logo\" role=\"img\" src=\"https:\/\/anantara.at\/wp-content\/uploads\/anantara-logo-gold-1.svg\" alt=\"Anantara Holding Logo\" \/>[\/vc_column_text][\/vc_column][\/vc_row][vc_row content_placement=&#8220;middle&#8220; el_class=&#8220;section&#8220; el_id=&#8220;about&#8220;][vc_column offset=&#8220;vc_col-lg-5 vc_col-md-6&#8243;]<div class=\"heading-wrapper  wpb_animate_when_almost_visible wpb_fadeIn fadeIn\"><p class=\"eyebrow\">02 \u00dcber uns<\/p><h2>Die Gruppe <br>im \u00dcberblick<\/h2><\/div>[vc_column_text css=&#8220;&#8220;]Unter dem Dach der ANANTARA Gruppe &#8211; mit Sitz in Wien &#8211; befinden sich mehrere mittelst\u00e4ndische Unternehmen.\r\n\r\nWir schaffen Synergien und setzen unsere Kompetenzen optimal ein. Kernbereiche unseres Portfolios sind Hardware-Produkte und IT-Dienstleistungen. Dar\u00fcber hinaus ist auch die Systemgastronomie in unserem Unternehmensportfolio vertreten.[\/vc_column_text][\/vc_column][vc_column offset=&#8220;vc_col-lg-offset-1 vc_col-md-6&#8243;][vc_single_image image=&#8220;91&#8243; img_size=&#8220;large&#8220; css_animation=&#8220;fadeIn&#8220;][\/vc_column][\/vc_row][vc_row el_class=&#8220;section&#8220; el_id=&#8220;geschaeftsbereiche&#8220;][vc_column offset=&#8220;vc_col-lg-5 vc_col-md-6&#8243;]<div class=\"heading-wrapper  wpb_animate_when_almost_visible wpb_fadeIn fadeIn\"><p class=\"eyebrow\">03 Gesch\u00e4ftsbereiche<\/p><h2>Unternehmen &amp; Marken<\/h2><\/div>[\/vc_column][vc_column offset=&#8220;vc_col-lg-7 vc_col-md-6&#8243;][vc_tta_accordion section_title_tag=&#8220;p&#8220; shape=&#8220;square&#8220; color=&#8220;white&#8220; c_position=&#8220;right&#8220; active_section=&#8220;100&#8243; css_animation=&#8220;fadeIn&#8220; no_fill=&#8220;true&#8220; collapsible_all=&#8220;true&#8220;][vc_tta_section title=&#8220;HAAI&#8220; tab_id=&#8220;1671103498080-473ee5eb-7dd2&#8243;][vc_row_inner][vc_column_inner width=&#8220;1\/2&#8243; offset=&#8220;vc_col-lg-8&#8243;][vc_column_text]Seit 2007 ist die HAAI GmbH der Ansprechpartner f\u00fcr Unternehmen jeder Gr\u00f6\u00dfe, wenn es um innovative L\u00f6sungen rund ums mobile Arbeiten geht.\r\nDabei wird ein umfassendes Portfolio geboten, bestehend aus Produkten und Dienstleistungen, die den modernen Arbeitsalltag unterst\u00fctzen und den gesamten Lifecycle von Ger\u00e4ten abdecken.\r\nDurch starke Partnerschaften werden individuelle Konzepte erarbeitet und implementiert, die zum jeweiligen Unternehmen passen.[\/vc_column_text][\/vc_column_inner][vc_column_inner width=&#8220;1\/2&#8243; offset=&#8220;vc_col-lg-4&#8243;]<div class=\"svg-icon  align-center\"><a href=\"https:\/\/haai.at\/\" target=\"_blank\"><img decoding=\"async\" class=\"img-responsive\" src=\"https:\/\/anantara.at\/wp-content\/uploads\/haai-logo.svg\" width=\"60\" alt=\"HAAI\"><\/a><\/div>[\/vc_column_inner][\/vc_row_inner][\/vc_tta_section][vc_tta_section title=&#8220;McSHARK&#8220; tab_id=&#8220;1671103498095-df6c8d82-b952&#8243;][vc_row_inner][vc_column_inner width=&#8220;1\/2&#8243; offset=&#8220;vc_col-lg-8&#8243;][vc_column_text]McSHARK ist seit 2014 der gr\u00f6\u00dfte Apple Premium Reseller \u00d6sterreichs und kompetenter Ansprechpartner f\u00fcr B2C und B2B Kund*innen. In unseren Stores, sowie im eigenen Onlineshop, wird die gesamte Produktwelt von Apple und eine Vielzahl an Services geboten.[\/vc_column_text][\/vc_column_inner][vc_column_inner width=&#8220;1\/2&#8243; offset=&#8220;vc_col-lg-4&#8243;]<div class=\"svg-icon  align-right\"><a href=\"https:\/\/mcshark.at\/\" target=\"_blank\"><img decoding=\"async\" class=\"img-responsive\" src=\"https:\/\/anantara.at\/wp-content\/uploads\/mcshark-logo.svg\" width=\"200\" alt=\"McSHARK\"><\/a><\/div>[\/vc_column_inner][\/vc_row_inner][\/vc_tta_section][vc_tta_section title=&#8220;MOBILETOUCH&#8220; tab_id=&#8220;1671103545146-8db710d4-ac5a&#8220;][vc_row_inner][vc_column_inner width=&#8220;1\/2&#8243; offset=&#8220;vc_col-lg-8&#8243;][vc_column_text]Die MOBILETOUCH Austria GmbH ist eines der f\u00fchrenden europ\u00e4ischen Unternehmen f\u00fcr die Reparatur von Mobiltelefonen, Tablets, Note- \/ Netbooks, Kaffeemaschinen, Haushaltsger\u00e4ten und andere Multimediaprodukten.[\/vc_column_text][\/vc_column_inner][vc_column_inner width=&#8220;1\/2&#8243; offset=&#8220;vc_col-lg-4&#8243;]<div class=\"svg-icon  align-right\"><a href=\"https:\/\/www.mobiletouch.at\/\" target=\"_blank\"><img decoding=\"async\" class=\"img-responsive\" src=\"https:\/\/anantara.at\/wp-content\/uploads\/mobiletouch-logo.svg\" width=\"200\" alt=\"mobiletouch\"><\/a><\/div>[\/vc_column_inner][\/vc_row_inner][\/vc_tta_section][vc_tta_section title=&#8220;DUNKIN'&#8220; tab_id=&#8220;1671103552127-fcab4e10-8085&#8243;][vc_row_inner][vc_column_inner width=&#8220;1\/2&#8243; offset=&#8220;vc_col-lg-8&#8243;][vc_column_text]2014 er\u00f6ffnete DUNKIN\u2018 den ersten Store in \u00d6sterreich. Mittlerweile gibt es DUNKIN\u2018 \u00f6sterreichweit und vers\u00fc\u00dft somit das ganze Land mit k\u00f6stlichen Donut- und Kaffeekreationen. Die Donuts werden t\u00e4glich frisch und von Hand in der Produktion in Wien hergestellt.[\/vc_column_text][\/vc_column_inner][vc_column_inner width=&#8220;1\/2&#8243; offset=&#8220;vc_col-lg-4&#8243;]<div class=\"svg-icon  align-right\"><a href=\"https:\/\/www.dunkin.at\/\" target=\"_blank\"><img decoding=\"async\" class=\"img-responsive\" src=\"https:\/\/anantara.at\/wp-content\/uploads\/dunkin-logo.svg\" width=\"200\" alt=\"DUNKIN'\"><\/a><\/div>[\/vc_column_inner][\/vc_row_inner][\/vc_tta_section][vc_tta_section title=&#8220;A1 Shops&#8220; tab_id=&#8220;1671103558217-458ad396-5996&#8243;][vc_row_inner][vc_column_inner width=&#8220;1\/2&#8243; offset=&#8220;vc_col-lg-8&#8243;][vc_column_text]Als gr\u00f6\u00dfter A1 Exclusive Partner empf\u00e4ngt die DER HAAI GmbH Privat- und Businesskund*innen in den A1 Franchise Shops in Wien, Nieder\u00f6sterreich und der Steiermark.[\/vc_column_text][\/vc_column_inner][vc_column_inner width=&#8220;1\/2&#8243; offset=&#8220;vc_col-lg-4&#8243;]<div class=\"svg-icon  align-center\"><img decoding=\"async\" class=\"img-responsive\" src=\"https:\/\/anantara.at\/wp-content\/uploads\/logo_a1_shop_sm.png\" width=\"200\" alt=\"A1 Shop\"><\/div>[\/vc_column_inner][\/vc_row_inner][\/vc_tta_section][\/vc_tta_accordion][\/vc_column][\/vc_row][vc_row disable_element=&#8220;yes&#8220;][vc_column]<div class=\"heading-wrapper  wpb_animate_when_almost_visible wpb_fadeIn fadeIn\"><p class=\"eyebrow\">04 Unternehmensgeschichte<\/p><h2>Unsere Success Story<\/h2><\/div>[\/vc_column][vc_column width=&#8220;1\/2&#8243; el_class=&#8220;timeline&#8220; offset=&#8220;vc_col-lg-4 vc_col-md-5&#8243;]<div class=\"timeline-slider swiper \"><div class=\"swiper-wrapper\"><div class=\"single-timeline-wrapper\"><h2>2007<\/h2><p>Mit 22 Jahren gr\u00fcndete Zeljko Drmic als j\u00fcngster A1 Business Partner \u00d6sterreichs die HAAI Telekommunikations GmbH und er\u00f6ffnete diese im September 2007 mit zwei Mitarbeitern.<\/p><\/div><div class=\"single-timeline-wrapper\"><h2>2009<\/h2><p>Zwei Jahre sp\u00e4ter wurden zwei A1 Franchise Filialen im 3. und 14. Bezirk er\u00f6ffnet.<\/p><\/div><div class=\"single-timeline-wrapper\"><h2>2011<\/h2><p>In diesem Jahr \u00fcbernahm HAAI den \u00e4ltesten Business Partner TBK GmbH und verlegte den Firmensitz in den 10. Bezirk.<\/p><\/div><div class=\"single-timeline-wrapper\"><h2>2020<\/h2><p>Lorem ipsum dolor sit amet, consetetur sadipscing elitr, sed diam nonumy eirmod tempor invidunt ut labore et dolore magna aliquyam erat, sed diam voluptua.<\/p><\/div><div class=\"single-timeline-wrapper\"><h2>2021<\/h2><p>Lorem ipsum dolor sit amet, consetetur sadipscing elitr, sed diam nonumy eirmod tempor invidunt ut labore et dolore magna aliquyam erat, sed diam voluptua. Lorem ipsum dolor sit amet, consetetur sadipscing elitr.<\/p><\/div><div class=\"single-timeline-wrapper\"><h2>2022<\/h2><p>Lorem ipsum dolor sit amet, consetetur sadipscing elitr, sed diam nonumy eirmod tempor invidunt ut labore et dolore magna aliquyam erat, sed diam voluptua.<\/p><\/div><div class=\"single-timeline-wrapper\"><h2>2023<\/h2><p>Lorem ipsum dolor sit amet, consetetur sadipscing elitr, sed diam nonumy eirmod tempor invidunt ut labore et dolore magna aliquyam erat, sed diam voluptua.<\/p><\/div><\/div><div class=\"swiper-button-prev\"><\/div><div class=\"swiper-button-next\"><\/div><\/div>[\/vc_column][\/vc_row][vc_row el_class=&#8220;section&#8220;][vc_column]<div class=\"heading-wrapper  wpb_animate_when_almost_visible wpb_fadeIn fadeIn\"><p class=\"eyebrow\">04 Karriere<\/p><h2>Karriere mit Weitblick<\/h2><\/div>[vc_column_text css_animation=&#8220;fadeIn&#8220; el_class=&#8220;mw-640&#8243;]Als Mitarbeiter*in der ANANTARA Gruppe kann jede*r einzelne seinen Fu\u00dfabdruck hinterlassen. Die ANANTARA Gruppe pflegt ein dynamisches Arbeitsumfeld, in dem Kreativit\u00e4t und Teamarbeit gef\u00f6rdert werden.[\/vc_column_text]<a class=\"text-link mt50 wpb_animate_when_almost_visible wpb_fadeInUp fadeInUp\" href=\"\/de\/karriere\/\" target=\"_self\">Mehr erfahren<i class=\"icon icon-arrow_right\"><\/i><\/a>[\/vc_column][\/vc_row]","protected":false},"excerpt":{"rendered":"<p>[vc_row full_width=&#8220;stretch_row&#8220; full_height=&#8220;yes&#8220; el_class=&#8220;section bg-black light&#8220; el_id=&#8220;hero&#8220;][vc_column][vc_column_text css_animation=&#8220;fadeIn&#8220; el_class=&#8220;p-large&#8220;]Willkommen bei [\/vc_column_text][\/vc_column][\/vc_row][vc_row content_placement=&#8220;middle&#8220; el_class=&#8220;section&#8220; el_id=&#8220;about&#8220;][vc_column offset=&#8220;vc_col-lg-5 vc_col-md-6&#8243;][vc_column_text css=&#8220;&#8220;]Unter dem Dach der ANANTARA Gruppe &#8211; mit Sitz in Wien &#8211; befinden sich mehrere mittelst\u00e4ndische Unternehmen. Wir schaffen Synergien und setzen unsere Kompetenzen optimal ein. Kernbereiche unseres Portfolios sind Hardware-Produkte und IT-Dienstleistungen. Dar\u00fcber hinaus ist auch die Systemgastronomie [&hellip;]<\/p>\n","protected":false},"author":1,"featured_media":0,"parent":0,"menu_order":-1,"comment_status":"closed","ping_status":"closed","template":"","meta":{"footnotes":""},"class_list":["post-2","page","type-page","status-publish","hentry"],"yoast_head":"<!-- This site is optimized with the Yoast SEO plugin v27.0 - https:\/\/yoast.com\/product\/yoast-seo-wordpress\/ -->\n<title>ANANTARA Holding - Digital, mutig, zukunftsweisend<\/title>\n<meta name=\"description\" content=\"Unter dem Dach der ANANTARA Holding GmbH mit Sitz in Wien befinden sich mehrere mittelst\u00e4ndische Unternehmen.\" \/>\n<meta name=\"robots\" content=\"index, follow, max-snippet:-1, max-image-preview:large, max-video-preview:-1\" \/>\n<link rel=\"canonical\" href=\"https:\/\/anantara.at\/de\/\" \/>\n<meta property=\"og:locale\" content=\"de_DE\" \/>\n<meta property=\"og:type\" content=\"article\" \/>\n<meta property=\"og:title\" content=\"ANANTARA Holding - Digital, mutig, zukunftsweisend\" \/>\n<meta property=\"og:description\" content=\"Unter dem Dach der ANANTARA Holding GmbH mit Sitz in Wien befinden sich mehrere mittelst\u00e4ndische Unternehmen.\" \/>\n<meta property=\"og:url\" content=\"https:\/\/anantara.at\/de\/\" \/>\n<meta property=\"og:site_name\" content=\"ANANTARA Holding\" \/>\n<meta property=\"article:modified_time\" content=\"2026-03-11T13:33:30+00:00\" \/>\n<meta property=\"og:image\" content=\"https:\/\/anantara.at\/wp-content\/uploads\/anantara-logo-gold-1.svg\" \/>\n<meta name=\"twitter:card\" content=\"summary_large_image\" \/>\n<meta name=\"twitter:label1\" content=\"Gesch\u00e4tzte Lesezeit\" \/>\n\t<meta name=\"twitter:data1\" content=\"4\u00a0Minuten\" \/>\n<script type=\"application\/ld+json\" class=\"yoast-schema-graph\">{\"@context\":\"https:\/\/schema.org\",\"@graph\":[{\"@type\":\"WebPage\",\"@id\":\"https:\/\/anantara.at\/de\/\",\"url\":\"https:\/\/anantara.at\/de\/\",\"name\":\"ANANTARA Holding - Digital, mutig, zukunftsweisend\",\"isPartOf\":{\"@id\":\"https:\/\/anantara.at\/de\/#website\"},\"primaryImageOfPage\":{\"@id\":\"https:\/\/anantara.at\/de\/#primaryimage\"},\"image\":{\"@id\":\"https:\/\/anantara.at\/de\/#primaryimage\"},\"thumbnailUrl\":\"https:\/\/anantara.at\/wp-content\/uploads\/anantara-logo-gold-1.svg\",\"datePublished\":\"2022-12-15T08:52:04+00:00\",\"dateModified\":\"2026-03-11T13:33:30+00:00\",\"description\":\"Unter dem Dach der ANANTARA Holding GmbH mit Sitz in Wien befinden sich mehrere mittelst\u00e4ndische Unternehmen.\",\"breadcrumb\":{\"@id\":\"https:\/\/anantara.at\/de\/#breadcrumb\"},\"inLanguage\":\"de\",\"potentialAction\":[{\"@type\":\"ReadAction\",\"target\":[\"https:\/\/anantara.at\/de\/\"]}]},{\"@type\":\"ImageObject\",\"inLanguage\":\"de\",\"@id\":\"https:\/\/anantara.at\/de\/#primaryimage\",\"url\":\"https:\/\/anantara.at\/wp-content\/uploads\/anantara-logo-gold-1.svg\",\"contentUrl\":\"https:\/\/anantara.at\/wp-content\/uploads\/anantara-logo-gold-1.svg\"},{\"@type\":\"BreadcrumbList\",\"@id\":\"https:\/\/anantara.at\/de\/#breadcrumb\",\"itemListElement\":[{\"@type\":\"ListItem\",\"position\":1,\"name\":\"Home\",\"item\":\"https:\/\/anantara.at\/de\/\"},{\"@type\":\"ListItem\",\"position\":2,\"name\":\"Startseite\"}]},{\"@type\":\"WebSite\",\"@id\":\"https:\/\/anantara.at\/de\/#website\",\"url\":\"https:\/\/anantara.at\/de\/\",\"name\":\"ANANTARA Holding\",\"description\":\"\",\"publisher\":{\"@id\":\"https:\/\/anantara.at\/de\/#organization\"},\"potentialAction\":[{\"@type\":\"SearchAction\",\"target\":{\"@type\":\"EntryPoint\",\"urlTemplate\":\"https:\/\/anantara.at\/de\/?s={search_term_string}\"},\"query-input\":{\"@type\":\"PropertyValueSpecification\",\"valueRequired\":true,\"valueName\":\"search_term_string\"}}],\"inLanguage\":\"de\"},{\"@type\":\"Organization\",\"@id\":\"https:\/\/anantara.at\/de\/#organization\",\"name\":\"ANANTARA Holding\",\"url\":\"https:\/\/anantara.at\/de\/\",\"logo\":{\"@type\":\"ImageObject\",\"inLanguage\":\"de\",\"@id\":\"https:\/\/anantara.at\/de\/#\/schema\/logo\/image\/\",\"url\":\"https:\/\/anantara.at\/wp-content\/uploads\/anantara-logo.png\",\"contentUrl\":\"https:\/\/anantara.at\/wp-content\/uploads\/anantara-logo.png\",\"width\":1200,\"height\":450,\"caption\":\"ANANTARA Holding\"},\"image\":{\"@id\":\"https:\/\/anantara.at\/de\/#\/schema\/logo\/image\/\"}}]}<\/script>\n<!-- \/ Yoast SEO plugin. -->","yoast_head_json":{"title":"ANANTARA Holding - Digital, mutig, zukunftsweisend","description":"Unter dem Dach der ANANTARA Holding GmbH mit Sitz in Wien befinden sich mehrere mittelst\u00e4ndische Unternehmen.","robots":{"index":"index","follow":"follow","max-snippet":"max-snippet:-1","max-image-preview":"max-image-preview:large","max-video-preview":"max-video-preview:-1"},"canonical":"https:\/\/anantara.at\/de\/","og_locale":"de_DE","og_type":"article","og_title":"ANANTARA Holding - Digital, mutig, zukunftsweisend","og_description":"Unter dem Dach der ANANTARA Holding GmbH mit Sitz in Wien befinden sich mehrere mittelst\u00e4ndische Unternehmen.","og_url":"https:\/\/anantara.at\/de\/","og_site_name":"ANANTARA Holding","article_modified_time":"2026-03-11T13:33:30+00:00","og_image":[{"url":"https:\/\/anantara.at\/wp-content\/uploads\/anantara-logo-gold-1.svg","type":"","width":"","height":""}],"twitter_card":"summary_large_image","twitter_misc":{"Gesch\u00e4tzte Lesezeit":"4\u00a0Minuten"},"schema":{"@context":"https:\/\/schema.org","@graph":[{"@type":"WebPage","@id":"https:\/\/anantara.at\/de\/","url":"https:\/\/anantara.at\/de\/","name":"ANANTARA Holding - Digital, mutig, zukunftsweisend","isPartOf":{"@id":"https:\/\/anantara.at\/de\/#website"},"primaryImageOfPage":{"@id":"https:\/\/anantara.at\/de\/#primaryimage"},"image":{"@id":"https:\/\/anantara.at\/de\/#primaryimage"},"thumbnailUrl":"https:\/\/anantara.at\/wp-content\/uploads\/anantara-logo-gold-1.svg","datePublished":"2022-12-15T08:52:04+00:00","dateModified":"2026-03-11T13:33:30+00:00","description":"Unter dem Dach der ANANTARA Holding GmbH mit Sitz in Wien befinden sich mehrere mittelst\u00e4ndische Unternehmen.","breadcrumb":{"@id":"https:\/\/anantara.at\/de\/#breadcrumb"},"inLanguage":"de","potentialAction":[{"@type":"ReadAction","target":["https:\/\/anantara.at\/de\/"]}]},{"@type":"ImageObject","inLanguage":"de","@id":"https:\/\/anantara.at\/de\/#primaryimage","url":"https:\/\/anantara.at\/wp-content\/uploads\/anantara-logo-gold-1.svg","contentUrl":"https:\/\/anantara.at\/wp-content\/uploads\/anantara-logo-gold-1.svg"},{"@type":"BreadcrumbList","@id":"https:\/\/anantara.at\/de\/#breadcrumb","itemListElement":[{"@type":"ListItem","position":1,"name":"Home","item":"https:\/\/anantara.at\/de\/"},{"@type":"ListItem","position":2,"name":"Startseite"}]},{"@type":"WebSite","@id":"https:\/\/anantara.at\/de\/#website","url":"https:\/\/anantara.at\/de\/","name":"ANANTARA Holding","description":"","publisher":{"@id":"https:\/\/anantara.at\/de\/#organization"},"potentialAction":[{"@type":"SearchAction","target":{"@type":"EntryPoint","urlTemplate":"https:\/\/anantara.at\/de\/?s={search_term_string}"},"query-input":{"@type":"PropertyValueSpecification","valueRequired":true,"valueName":"search_term_string"}}],"inLanguage":"de"},{"@type":"Organization","@id":"https:\/\/anantara.at\/de\/#organization","name":"ANANTARA Holding","url":"https:\/\/anantara.at\/de\/","logo":{"@type":"ImageObject","inLanguage":"de","@id":"https:\/\/anantara.at\/de\/#\/schema\/logo\/image\/","url":"https:\/\/anantara.at\/wp-content\/uploads\/anantara-logo.png","contentUrl":"https:\/\/anantara.at\/wp-content\/uploads\/anantara-logo.png","width":1200,"height":450,"caption":"ANANTARA Holding"},"image":{"@id":"https:\/\/anantara.at\/de\/#\/schema\/logo\/image\/"}}]}},"_links":{"self":[{"href":"https:\/\/anantara.at\/de\/wp-json\/wp\/v2\/pages\/2","targetHints":{"allow":["GET"]}}],"collection":[{"href":"https:\/\/anantara.at\/de\/wp-json\/wp\/v2\/pages"}],"about":[{"href":"https:\/\/anantara.at\/de\/wp-json\/wp\/v2\/types\/page"}],"author":[{"embeddable":true,"href":"https:\/\/anantara.at\/de\/wp-json\/wp\/v2\/users\/1"}],"replies":[{"embeddable":true,"href":"https:\/\/anantara.at\/de\/wp-json\/wp\/v2\/comments?post=2"}],"version-history":[{"count":7,"href":"https:\/\/anantara.at\/de\/wp-json\/wp\/v2\/pages\/2\/revisions"}],"predecessor-version":[{"id":747,"href":"https:\/\/anantara.at\/de\/wp-json\/wp\/v2\/pages\/2\/revisions\/747"}],"wp:attachment":[{"href":"https:\/\/anantara.at\/de\/wp-json\/wp\/v2\/media?parent=2"}],"curies":[{"name":"wp","href":"https:\/\/api.w.org\/{rel}","templated":true}]}}