{"id":9,"date":"2022-12-15T10:01:16","date_gmt":"2022-12-15T09:01:16","guid":{"rendered":"https:\/\/anantara.at\/?page_id=9"},"modified":"2023-06-01T13:58:51","modified_gmt":"2023-06-01T11:58:51","slug":"impressum","status":"publish","type":"page","link":"https:\/\/anantara.at\/de\/impressum\/","title":{"rendered":"Impressum"},"content":{"rendered":"[vc_row el_class=&#8220;section&#8220;][vc_column][vc_column_text]<b>ANANTARA Holding GmbH<\/b>\r\nSiccardsburggasse 36\r\nA-1100 Wien\r\nTelefon: +43 1 602 55 36\r\nE-Mail: <a href=\"mailto:geschaeftsfuehrung@anantara.at\">geschaeftsfuehrung@anantara.at<\/a>[\/vc_column_text][vc_column_text]F\u00fcr Fragen zum Impressum oder zum Unternehmen Anantara Holding GmbH bitten wir Sie die E-Mail Adresse <a href=\"mailto:geschaeftsfuehrung@anantara.at\">geschaeftsfuehrung@anantara.at<\/a> zu verwenden.\r\n\r\nF\u00fcr alle weiteren Fragen nutzen Sie bitte <a href=\"mailto:office@anantara.at\">office@anantara.at<\/a>.[\/vc_column_text][\/vc_column][\/vc_row][vc_row el_class=&#8220;ptb0&#8243;][vc_column width=&#8220;1\/2&#8243;][vc_column_text]<b>Firmenbuch:<\/b>\r\nFN 439787x Handelsgericht Wien[\/vc_column_text][vc_column_text]<b>UID:<\/b>\r\nATU70078104[\/vc_column_text][vc_column_text]<b>Gerichtsstand:<\/b>\r\nHandelsgericht Wien[\/vc_column_text][\/vc_column][vc_column width=&#8220;1\/2&#8243;][vc_column_text]<strong>Kammerzugeh\u00f6rigkeit:<\/strong>\r\nWirtschaftskammer Wien\r\n\r\n<b>Gewerbliche Vorschriften:<\/b>\r\nGewerbeordnung \u2013 GewO in der geltenden Fassung[\/vc_column_text][\/vc_column][\/vc_row][vc_row el_class=&#8220;section&#8220;][vc_column][vc_column_text]<b>Bankdaten:<\/b>[\/vc_column_text][\/vc_column][vc_column width=&#8220;1\/2&#8243;][vc_column_text]<b>UniCredit Bank Austria AG<\/b>\r\nKTO: 100 2013 3038\r\nBLZ: 12000\r\nIBAN: AT98 1200 0100 2013 3038\r\nSWIFT\/BIC: BKAUATWW[\/vc_column_text][\/vc_column][\/vc_row][vc_row el_class=&#8220;ptb0&#8243;][vc_column][vc_column_text]<b>Grundlegende Richtung:<\/b>\r\nDie Website und die \u00fcber die Website beziehbaren kostenlosen Dienste dienen der Information \u00fcber die Aktivit\u00e4ten sowie der Entwicklung der Anantara Holding GmbH. Weiters werden Informationen aus den Bereichen Informations- und Kommunikationstechnologie und Themen aus unterschiedlichen Lebensbereichen dargestellt.[\/vc_column_text][\/vc_column][\/vc_row][vc_row el_class=&#8220;section&#8220;][vc_column][vc_column_text]<b>Datenschutz:<\/b>\r\n\r\nUnsere vollst\u00e4ndige Datenschutzerkl\u00e4rung k\u00f6nnen sie <a href=\"\/datenschutzerklaerung\/\" target=\"_blank\" rel=\"noopener noreferrer\">hier<\/a> einsehen.\r\n\r\nBei Fragen rund um den Datenschutz bei der Anantara Holding GmbH k\u00f6nnen Sie folgende Adresse kontaktieren: <a href=\"mailto:datenschutz@anantara.at\" target=\"_blank\" rel=\"noopener\">datenschutz@anantara.at<\/a>[\/vc_column_text][\/vc_column][\/vc_row]","protected":false},"excerpt":{"rendered":"<p>[vc_row el_class=&#8220;section&#8220;][vc_column][vc_column_text]ANANTARA Holding GmbH Siccardsburggasse 36 A-1100 Wien Telefon: +43 1 602 55 36 E-Mail: geschaeftsfuehrung@anantara.at[\/vc_column_text][vc_column_text]F\u00fcr Fragen zum Impressum oder zum Unternehmen Anantara Holding GmbH bitten wir Sie die E-Mail Adresse geschaeftsfuehrung@anantara.at zu verwenden. F\u00fcr alle weiteren Fragen nutzen Sie bitte office@anantara.at.[\/vc_column_text][\/vc_column][\/vc_row][vc_row el_class=&#8220;ptb0&#8243;][vc_column width=&#8220;1\/2&#8243;][vc_column_text]Firmenbuch: FN 439787x Handelsgericht Wien[\/vc_column_text][vc_column_text]UID: ATU70078104[\/vc_column_text][vc_column_text]Gerichtsstand: Handelsgericht Wien[\/vc_column_text][\/vc_column][vc_column width=&#8220;1\/2&#8243;][vc_column_text]Kammerzugeh\u00f6rigkeit: Wirtschaftskammer Wien Gewerbliche [&hellip;]<\/p>\n","protected":false},"author":1,"featured_media":0,"parent":0,"menu_order":0,"comment_status":"closed","ping_status":"closed","template":"","meta":{"footnotes":""},"class_list":["post-9","page","type-page","status-publish","hentry"],"yoast_head":"<!-- This site is optimized with the Yoast SEO plugin v27.0 - https:\/\/yoast.com\/product\/yoast-seo-wordpress\/ -->\n<title>Impressum | ANANTARA Holding - Digital, mutig, zukunftsweisend<\/title>\n<meta name=\"description\" content=\"Unter dem Dach der ANANTARA Holding GmbH mit Sitz in Wien befinden sich mehrere mittelst\u00e4ndische Unternehmen.\" \/>\n<meta name=\"robots\" content=\"index, follow, max-snippet:-1, max-image-preview:large, max-video-preview:-1\" \/>\n<link rel=\"canonical\" href=\"https:\/\/anantara.at\/de\/impressum\/\" \/>\n<meta property=\"og:locale\" content=\"de_DE\" \/>\n<meta property=\"og:type\" content=\"article\" \/>\n<meta property=\"og:title\" content=\"Impressum | ANANTARA Holding - Digital, mutig, zukunftsweisend\" \/>\n<meta property=\"og:description\" content=\"Unter dem Dach der ANANTARA Holding GmbH mit Sitz in Wien befinden sich mehrere mittelst\u00e4ndische Unternehmen.\" \/>\n<meta property=\"og:url\" content=\"https:\/\/anantara.at\/de\/impressum\/\" \/>\n<meta property=\"og:site_name\" content=\"ANANTARA Holding\" \/>\n<meta property=\"article:modified_time\" content=\"2023-06-01T11:58:51+00:00\" \/>\n<meta name=\"twitter:card\" content=\"summary_large_image\" \/>\n<meta name=\"twitter:label1\" content=\"Gesch\u00e4tzte Lesezeit\" \/>\n\t<meta name=\"twitter:data1\" content=\"1\u00a0Minute\" \/>\n<script type=\"application\/ld+json\" class=\"yoast-schema-graph\">{\"@context\":\"https:\/\/schema.org\",\"@graph\":[{\"@type\":\"WebPage\",\"@id\":\"https:\/\/anantara.at\/de\/impressum\/\",\"url\":\"https:\/\/anantara.at\/de\/impressum\/\",\"name\":\"Impressum | ANANTARA Holding - Digital, mutig, zukunftsweisend\",\"isPartOf\":{\"@id\":\"https:\/\/anantara.at\/de\/#website\"},\"datePublished\":\"2022-12-15T09:01:16+00:00\",\"dateModified\":\"2023-06-01T11:58:51+00:00\",\"description\":\"Unter dem Dach der ANANTARA Holding GmbH mit Sitz in Wien befinden sich mehrere mittelst\u00e4ndische Unternehmen.\",\"breadcrumb\":{\"@id\":\"https:\/\/anantara.at\/de\/impressum\/#breadcrumb\"},\"inLanguage\":\"de\",\"potentialAction\":[{\"@type\":\"ReadAction\",\"target\":[\"https:\/\/anantara.at\/de\/impressum\/\"]}]},{\"@type\":\"BreadcrumbList\",\"@id\":\"https:\/\/anantara.at\/de\/impressum\/#breadcrumb\",\"itemListElement\":[{\"@type\":\"ListItem\",\"position\":1,\"name\":\"Home\",\"item\":\"https:\/\/anantara.at\/de\/\"},{\"@type\":\"ListItem\",\"position\":2,\"name\":\"Impressum\"}]},{\"@type\":\"WebSite\",\"@id\":\"https:\/\/anantara.at\/de\/#website\",\"url\":\"https:\/\/anantara.at\/de\/\",\"name\":\"ANANTARA Holding\",\"description\":\"\",\"publisher\":{\"@id\":\"https:\/\/anantara.at\/de\/#organization\"},\"potentialAction\":[{\"@type\":\"SearchAction\",\"target\":{\"@type\":\"EntryPoint\",\"urlTemplate\":\"https:\/\/anantara.at\/de\/?s={search_term_string}\"},\"query-input\":{\"@type\":\"PropertyValueSpecification\",\"valueRequired\":true,\"valueName\":\"search_term_string\"}}],\"inLanguage\":\"de\"},{\"@type\":\"Organization\",\"@id\":\"https:\/\/anantara.at\/de\/#organization\",\"name\":\"ANANTARA Holding\",\"url\":\"https:\/\/anantara.at\/de\/\",\"logo\":{\"@type\":\"ImageObject\",\"inLanguage\":\"de\",\"@id\":\"https:\/\/anantara.at\/de\/#\/schema\/logo\/image\/\",\"url\":\"https:\/\/anantara.at\/wp-content\/uploads\/anantara-logo.png\",\"contentUrl\":\"https:\/\/anantara.at\/wp-content\/uploads\/anantara-logo.png\",\"width\":1200,\"height\":450,\"caption\":\"ANANTARA Holding\"},\"image\":{\"@id\":\"https:\/\/anantara.at\/de\/#\/schema\/logo\/image\/\"}}]}<\/script>\n<!-- \/ Yoast SEO plugin. -->","yoast_head_json":{"title":"Impressum | ANANTARA Holding - Digital, mutig, zukunftsweisend","description":"Unter dem Dach der ANANTARA Holding GmbH mit Sitz in Wien befinden sich mehrere mittelst\u00e4ndische Unternehmen.","robots":{"index":"index","follow":"follow","max-snippet":"max-snippet:-1","max-image-preview":"max-image-preview:large","max-video-preview":"max-video-preview:-1"},"canonical":"https:\/\/anantara.at\/de\/impressum\/","og_locale":"de_DE","og_type":"article","og_title":"Impressum | ANANTARA Holding - Digital, mutig, zukunftsweisend","og_description":"Unter dem Dach der ANANTARA Holding GmbH mit Sitz in Wien befinden sich mehrere mittelst\u00e4ndische Unternehmen.","og_url":"https:\/\/anantara.at\/de\/impressum\/","og_site_name":"ANANTARA Holding","article_modified_time":"2023-06-01T11:58:51+00:00","twitter_card":"summary_large_image","twitter_misc":{"Gesch\u00e4tzte Lesezeit":"1\u00a0Minute"},"schema":{"@context":"https:\/\/schema.org","@graph":[{"@type":"WebPage","@id":"https:\/\/anantara.at\/de\/impressum\/","url":"https:\/\/anantara.at\/de\/impressum\/","name":"Impressum | ANANTARA Holding - Digital, mutig, zukunftsweisend","isPartOf":{"@id":"https:\/\/anantara.at\/de\/#website"},"datePublished":"2022-12-15T09:01:16+00:00","dateModified":"2023-06-01T11:58:51+00:00","description":"Unter dem Dach der ANANTARA Holding GmbH mit Sitz in Wien befinden sich mehrere mittelst\u00e4ndische Unternehmen.","breadcrumb":{"@id":"https:\/\/anantara.at\/de\/impressum\/#breadcrumb"},"inLanguage":"de","potentialAction":[{"@type":"ReadAction","target":["https:\/\/anantara.at\/de\/impressum\/"]}]},{"@type":"BreadcrumbList","@id":"https:\/\/anantara.at\/de\/impressum\/#breadcrumb","itemListElement":[{"@type":"ListItem","position":1,"name":"Home","item":"https:\/\/anantara.at\/de\/"},{"@type":"ListItem","position":2,"name":"Impressum"}]},{"@type":"WebSite","@id":"https:\/\/anantara.at\/de\/#website","url":"https:\/\/anantara.at\/de\/","name":"ANANTARA Holding","description":"","publisher":{"@id":"https:\/\/anantara.at\/de\/#organization"},"potentialAction":[{"@type":"SearchAction","target":{"@type":"EntryPoint","urlTemplate":"https:\/\/anantara.at\/de\/?s={search_term_string}"},"query-input":{"@type":"PropertyValueSpecification","valueRequired":true,"valueName":"search_term_string"}}],"inLanguage":"de"},{"@type":"Organization","@id":"https:\/\/anantara.at\/de\/#organization","name":"ANANTARA Holding","url":"https:\/\/anantara.at\/de\/","logo":{"@type":"ImageObject","inLanguage":"de","@id":"https:\/\/anantara.at\/de\/#\/schema\/logo\/image\/","url":"https:\/\/anantara.at\/wp-content\/uploads\/anantara-logo.png","contentUrl":"https:\/\/anantara.at\/wp-content\/uploads\/anantara-logo.png","width":1200,"height":450,"caption":"ANANTARA Holding"},"image":{"@id":"https:\/\/anantara.at\/de\/#\/schema\/logo\/image\/"}}]}},"_links":{"self":[{"href":"https:\/\/anantara.at\/de\/wp-json\/wp\/v2\/pages\/9","targetHints":{"allow":["GET"]}}],"collection":[{"href":"https:\/\/anantara.at\/de\/wp-json\/wp\/v2\/pages"}],"about":[{"href":"https:\/\/anantara.at\/de\/wp-json\/wp\/v2\/types\/page"}],"author":[{"embeddable":true,"href":"https:\/\/anantara.at\/de\/wp-json\/wp\/v2\/users\/1"}],"replies":[{"embeddable":true,"href":"https:\/\/anantara.at\/de\/wp-json\/wp\/v2\/comments?post=9"}],"version-history":[{"count":6,"href":"https:\/\/anantara.at\/de\/wp-json\/wp\/v2\/pages\/9\/revisions"}],"predecessor-version":[{"id":296,"href":"https:\/\/anantara.at\/de\/wp-json\/wp\/v2\/pages\/9\/revisions\/296"}],"wp:attachment":[{"href":"https:\/\/anantara.at\/de\/wp-json\/wp\/v2\/media?parent=9"}],"curies":[{"name":"wp","href":"https:\/\/api.w.org\/{rel}","templated":true}]}}