{"id":109,"date":"2022-12-15T10:01:16","date_gmt":"2022-12-15T09:01:16","guid":{"rendered":"https:\/\/anantara.at\/impressum\/"},"modified":"2022-12-21T11:35:19","modified_gmt":"2022-12-21T10:35:19","slug":"imprint","status":"publish","type":"page","link":"https:\/\/anantara.at\/en\/imprint\/","title":{"rendered":"Imprint"},"content":{"rendered":"[vc_row el_class=&#8221;section&#8221;][vc_column][vc_column_text]<b>ANANTARA Holding GmbH<\/b>\r\nSiccardsburggasse 36\r\n1100 Vienna Austria\r\nTelephone: +43 50 2525 1100\r\nE-mail: <a href=\"mailto:geschaeftsfuehrung@anantara.at\">geschaeftsfuehrung@anantara.at<\/a>[\/vc_column_text][vc_column_text]F\u00fcr Fragen zum Impressum oder zum Unternehmen HAAI GmbH bitten wir Sie die Emailadresse <a href=\"mailto:geschaeftsfuehrung@anantara.at\">geschaeftsfuehrung@anantara.at<\/a> zu verwenden.\r\n\r\nF\u00fcr alle weiteren Fragen nutzen Sie bitte <a href=\"mailto:office@anantara.at\">office@anantara.at<\/a>.[\/vc_column_text][\/vc_column][\/vc_row][vc_row el_class=&#8221;ptb0&#8243;][vc_column width=&#8221;1\/2&#8243;][vc_column_text]<b>Firmenbuch:<\/b>\r\nFN 292863g Handelsgericht Wien[\/vc_column_text][vc_column_text]<b>UID:<\/b>\r\nATU 63386909[\/vc_column_text][vc_column_text]<strong>Kammerzugeh\u00f6rigkeit:<\/strong>\r\nWirtschaftskammer Wien\r\n\r\n<b>Gewerbliche Vorschriften:<\/b>\r\nGewerbeordnung \u2013 GewO in der geltenden Fassung[\/vc_column_text][\/vc_column][vc_column width=&#8221;1\/2&#8243;][vc_column_text]<b>Gerichtsstand:<\/b>\r\nHandelsgericht Wien[\/vc_column_text][vc_column_text]<b>Steuernummer:<\/b>\r\n506\/0905[\/vc_column_text][\/vc_column][\/vc_row][vc_row el_class=&#8221;section&#8221;][vc_column][vc_column_text]<b>Bankdaten:<\/b>[\/vc_column_text][\/vc_column][vc_column width=&#8221;1\/2&#8243;][vc_column_text]<b>UniCredit Bank Austria AG<\/b>\r\nKTO: 52956001086\r\nBLZ: 12000\r\nIBAN: AT93 1200 0529 5600 1086\r\nSWIFT\/BIC: BKAUATWW[\/vc_column_text][\/vc_column][vc_column width=&#8221;1\/2&#8243;][vc_column_text]<b>Raiffeisenbank N\u00d6-Wien<\/b>\r\nKTO: 0000032220\r\nBLZ: 32000\r\nIBAN: AT87 3200 0000 0032 2206\r\nBIC: RLNWATWW[\/vc_column_text][\/vc_column][\/vc_row][vc_row el_class=&#8221;ptb0&#8243;][vc_column][vc_column_text]<b>Telekommunikationsgesetz:<\/b>\r\nTelekommunikationsgesetz 2003 \u2013 TKG 2003\u00a0<a href=\"https:\/\/www.ris.bka.gv.at\/GeltendeFassung.wxe?Abfrage=Bundesnormen&amp;Gesetzesnummer=20002849\" target=\"_blank\" rel=\"nofollow noopener noreferrer\">Telekommunikationsgesetz<\/a>(TKG)\r\n\r\n<b>Unternehmensgegenstand:<\/b>\r\nInternationale, nationale und drahtlose Telekommunikationsdienstleistungen einschlie\u00dflich Firmennetzwerkdatendiensten und Internetdienstleistungen.\r\n\r\n<b>Grundlegende Richtung:<\/b>\r\nDie Website und die \u00fcber die Website beziehbaren kostenlosen Dienste dienen der Information \u00fcber die Aktivit\u00e4ten sowie der Entwicklung der HAAI GmbH. Weiters werden Informationen aus den Bereichen Informations- und Kommunikationstechnologie und Themen aus unterschiedlichen Lebensbereichen dargestellt.[\/vc_column_text][\/vc_column][\/vc_row][vc_row el_class=&#8221;section&#8221;][vc_column][vc_column_text]<b>Datenschutz:<\/b>\r\n\r\nUnsere vollst\u00e4ndige Datenschutzerkl\u00e4rung k\u00f6nnen sie <a href=\"\/datenschutzerklaerung\/\" target=\"_blank\" rel=\"noopener noreferrer\">hier<\/a> einsehen.\r\n\r\nBei Fragen rund um den Datenschutz bei HAAI \u00a0k\u00f6nnen Sie folgende Adresse kontaktieren:\u00a0<a href=\"mailto:datenschutz@anantara.at\" target=\"_blank\" rel=\"noopener\">datenschutz@anantara.at<\/a>[\/vc_column_text][\/vc_column][\/vc_row]","protected":false},"excerpt":{"rendered":"<p>[vc_row el_class=&#8221;section&#8221;][vc_column][vc_column_text]ANANTARA Holding GmbH Siccardsburggasse 36 1100 Vienna Austria Telephone: +43 50 2525 1100 E-mail: geschaeftsfuehrung@anantara.at[\/vc_column_text][vc_column_text]F\u00fcr Fragen zum Impressum oder zum Unternehmen HAAI GmbH bitten wir Sie die Emailadresse geschaeftsfuehrung@anantara.at zu verwenden. F\u00fcr alle weiteren Fragen nutzen Sie bitte office@anantara.at.[\/vc_column_text][\/vc_column][\/vc_row][vc_row el_class=&#8221;ptb0&#8243;][vc_column width=&#8221;1\/2&#8243;][vc_column_text]Firmenbuch: FN 292863g Handelsgericht Wien[\/vc_column_text][vc_column_text]UID: ATU 63386909[\/vc_column_text][vc_column_text]Kammerzugeh\u00f6rigkeit: Wirtschaftskammer Wien Gewerbliche Vorschriften: Gewerbeordnung \u2013 GewO [&hellip;]<\/p>\n","protected":false},"author":1,"featured_media":0,"parent":0,"menu_order":0,"comment_status":"closed","ping_status":"closed","template":"","meta":{"footnotes":""},"class_list":["post-109","page","type-page","status-publish","hentry"],"yoast_head":"<!-- This site is optimized with the Yoast SEO plugin v27.0 - https:\/\/yoast.com\/product\/yoast-seo-wordpress\/ -->\n<title>Imprint | ANANTARA Holding - Digital, bold, advanced<\/title>\n<meta name=\"description\" content=\"Under the umbrella of ANANTARA-Holding, headquartered in Vienna, there are several medium-sized companies.\" \/>\n<meta name=\"robots\" content=\"index, follow, max-snippet:-1, max-image-preview:large, max-video-preview:-1\" \/>\n<link rel=\"canonical\" href=\"https:\/\/anantara.at\/en\/imprint\/\" \/>\n<meta property=\"og:locale\" content=\"en_US\" \/>\n<meta property=\"og:type\" content=\"article\" \/>\n<meta property=\"og:title\" content=\"Imprint | ANANTARA Holding - Digital, bold, advanced\" \/>\n<meta property=\"og:description\" content=\"Under the umbrella of ANANTARA-Holding, headquartered in Vienna, there are several medium-sized companies.\" \/>\n<meta property=\"og:url\" content=\"https:\/\/anantara.at\/en\/imprint\/\" \/>\n<meta property=\"og:site_name\" content=\"ANANTARA Holding\" \/>\n<meta property=\"article:modified_time\" content=\"2022-12-21T10:35:19+00:00\" \/>\n<meta name=\"twitter:card\" content=\"summary_large_image\" \/>\n<meta name=\"twitter:label1\" content=\"Est. reading time\" \/>\n\t<meta name=\"twitter:data1\" content=\"1 minute\" \/>\n<script type=\"application\/ld+json\" class=\"yoast-schema-graph\">{\"@context\":\"https:\/\/schema.org\",\"@graph\":[{\"@type\":\"WebPage\",\"@id\":\"https:\/\/anantara.at\/en\/imprint\/\",\"url\":\"https:\/\/anantara.at\/en\/imprint\/\",\"name\":\"Imprint | ANANTARA Holding - Digital, bold, advanced\",\"isPartOf\":{\"@id\":\"https:\/\/anantara.at\/en\/#website\"},\"datePublished\":\"2022-12-15T09:01:16+00:00\",\"dateModified\":\"2022-12-21T10:35:19+00:00\",\"description\":\"Under the umbrella of ANANTARA-Holding, headquartered in Vienna, there are several medium-sized companies.\",\"breadcrumb\":{\"@id\":\"https:\/\/anantara.at\/en\/imprint\/#breadcrumb\"},\"inLanguage\":\"en-US\",\"potentialAction\":[{\"@type\":\"ReadAction\",\"target\":[\"https:\/\/anantara.at\/en\/imprint\/\"]}]},{\"@type\":\"BreadcrumbList\",\"@id\":\"https:\/\/anantara.at\/en\/imprint\/#breadcrumb\",\"itemListElement\":[{\"@type\":\"ListItem\",\"position\":1,\"name\":\"Home\",\"item\":\"https:\/\/anantara.at\/en\/\"},{\"@type\":\"ListItem\",\"position\":2,\"name\":\"Imprint\"}]},{\"@type\":\"WebSite\",\"@id\":\"https:\/\/anantara.at\/en\/#website\",\"url\":\"https:\/\/anantara.at\/en\/\",\"name\":\"ANANTARA Holding\",\"description\":\"\",\"publisher\":{\"@id\":\"https:\/\/anantara.at\/en\/#organization\"},\"potentialAction\":[{\"@type\":\"SearchAction\",\"target\":{\"@type\":\"EntryPoint\",\"urlTemplate\":\"https:\/\/anantara.at\/en\/?s={search_term_string}\"},\"query-input\":{\"@type\":\"PropertyValueSpecification\",\"valueRequired\":true,\"valueName\":\"search_term_string\"}}],\"inLanguage\":\"en-US\"},{\"@type\":\"Organization\",\"@id\":\"https:\/\/anantara.at\/en\/#organization\",\"name\":\"ANANTARA Holding\",\"url\":\"https:\/\/anantara.at\/en\/\",\"logo\":{\"@type\":\"ImageObject\",\"inLanguage\":\"en-US\",\"@id\":\"https:\/\/anantara.at\/en\/#\/schema\/logo\/image\/\",\"url\":\"https:\/\/anantara.at\/wp-content\/uploads\/anantara-logo.png\",\"contentUrl\":\"https:\/\/anantara.at\/wp-content\/uploads\/anantara-logo.png\",\"width\":1200,\"height\":450,\"caption\":\"ANANTARA Holding\"},\"image\":{\"@id\":\"https:\/\/anantara.at\/en\/#\/schema\/logo\/image\/\"}}]}<\/script>\n<!-- \/ Yoast SEO plugin. -->","yoast_head_json":{"title":"Imprint | ANANTARA Holding - Digital, bold, advanced","description":"Under the umbrella of ANANTARA-Holding, headquartered in Vienna, there are several medium-sized companies.","robots":{"index":"index","follow":"follow","max-snippet":"max-snippet:-1","max-image-preview":"max-image-preview:large","max-video-preview":"max-video-preview:-1"},"canonical":"https:\/\/anantara.at\/en\/imprint\/","og_locale":"en_US","og_type":"article","og_title":"Imprint | ANANTARA Holding - Digital, bold, advanced","og_description":"Under the umbrella of ANANTARA-Holding, headquartered in Vienna, there are several medium-sized companies.","og_url":"https:\/\/anantara.at\/en\/imprint\/","og_site_name":"ANANTARA Holding","article_modified_time":"2022-12-21T10:35:19+00:00","twitter_card":"summary_large_image","twitter_misc":{"Est. reading time":"1 minute"},"schema":{"@context":"https:\/\/schema.org","@graph":[{"@type":"WebPage","@id":"https:\/\/anantara.at\/en\/imprint\/","url":"https:\/\/anantara.at\/en\/imprint\/","name":"Imprint | ANANTARA Holding - Digital, bold, advanced","isPartOf":{"@id":"https:\/\/anantara.at\/en\/#website"},"datePublished":"2022-12-15T09:01:16+00:00","dateModified":"2022-12-21T10:35:19+00:00","description":"Under the umbrella of ANANTARA-Holding, headquartered in Vienna, there are several medium-sized companies.","breadcrumb":{"@id":"https:\/\/anantara.at\/en\/imprint\/#breadcrumb"},"inLanguage":"en-US","potentialAction":[{"@type":"ReadAction","target":["https:\/\/anantara.at\/en\/imprint\/"]}]},{"@type":"BreadcrumbList","@id":"https:\/\/anantara.at\/en\/imprint\/#breadcrumb","itemListElement":[{"@type":"ListItem","position":1,"name":"Home","item":"https:\/\/anantara.at\/en\/"},{"@type":"ListItem","position":2,"name":"Imprint"}]},{"@type":"WebSite","@id":"https:\/\/anantara.at\/en\/#website","url":"https:\/\/anantara.at\/en\/","name":"ANANTARA Holding","description":"","publisher":{"@id":"https:\/\/anantara.at\/en\/#organization"},"potentialAction":[{"@type":"SearchAction","target":{"@type":"EntryPoint","urlTemplate":"https:\/\/anantara.at\/en\/?s={search_term_string}"},"query-input":{"@type":"PropertyValueSpecification","valueRequired":true,"valueName":"search_term_string"}}],"inLanguage":"en-US"},{"@type":"Organization","@id":"https:\/\/anantara.at\/en\/#organization","name":"ANANTARA Holding","url":"https:\/\/anantara.at\/en\/","logo":{"@type":"ImageObject","inLanguage":"en-US","@id":"https:\/\/anantara.at\/en\/#\/schema\/logo\/image\/","url":"https:\/\/anantara.at\/wp-content\/uploads\/anantara-logo.png","contentUrl":"https:\/\/anantara.at\/wp-content\/uploads\/anantara-logo.png","width":1200,"height":450,"caption":"ANANTARA Holding"},"image":{"@id":"https:\/\/anantara.at\/en\/#\/schema\/logo\/image\/"}}]}},"_links":{"self":[{"href":"https:\/\/anantara.at\/en\/wp-json\/wp\/v2\/pages\/109","targetHints":{"allow":["GET"]}}],"collection":[{"href":"https:\/\/anantara.at\/en\/wp-json\/wp\/v2\/pages"}],"about":[{"href":"https:\/\/anantara.at\/en\/wp-json\/wp\/v2\/types\/page"}],"author":[{"embeddable":true,"href":"https:\/\/anantara.at\/en\/wp-json\/wp\/v2\/users\/1"}],"replies":[{"embeddable":true,"href":"https:\/\/anantara.at\/en\/wp-json\/wp\/v2\/comments?post=109"}],"version-history":[{"count":4,"href":"https:\/\/anantara.at\/en\/wp-json\/wp\/v2\/pages\/109\/revisions"}],"predecessor-version":[{"id":206,"href":"https:\/\/anantara.at\/en\/wp-json\/wp\/v2\/pages\/109\/revisions\/206"}],"wp:attachment":[{"href":"https:\/\/anantara.at\/en\/wp-json\/wp\/v2\/media?parent=109"}],"curies":[{"name":"wp","href":"https:\/\/api.w.org\/{rel}","templated":true}]}}